{"id":4648,"date":"2022-12-19T13:47:58","date_gmt":"2022-12-19T11:47:58","guid":{"rendered":"https:\/\/papathomas-siatista.gr\/shop\/3pcs-desk-set-in-wenge-color-fb10204-02r\/"},"modified":"2022-12-19T13:47:58","modified_gmt":"2022-12-19T11:47:58","slug":"office-set-3pcs-in-wenge-color-fb10204-02r","status":"publish","type":"product","link":"https:\/\/papathomas-siatista.gr\/en\/shop\/office-set-3pcs-in-wenge-color-fb10204-02r\/","title":{"rendered":"3PCS DESK SET IN WENGE COLOR FB10204.02R"},"content":{"rendered":"<p>Desk dimensions:<br \/>\n160&#215;72.5 cm.<br \/>\n120&#215;46 cm.<br \/>\nHeight: 75 cm.<\/p>\n<p>Chest of drawers dimensions: 40x52x60 cm.<\/p>\n<p>Cabinet dimensions: 60x46x75 cm.<\/p>\n<p>\u0391\u03b3\u03b3\u03bb\u03b9\u03ba\u03ac \u03a4\u03b1 \u03c0\u03c1\u03bf\u03ca\u03cc\u03bd\u03c4\u03b1 \u03b4\u03b9\u03b1\u03c4\u03af\u03b8\u03b5\u03bd\u03c4\u03b1\u03b9 \u03b1\u03bc\u03bf\u03bd\u03c4\u03ac\u03c1\u03b9\u03c3\u03c4\u03b1 \u03c3\u03b5 \u03c0\u03b1\u03ba\u03ad\u03c4\u03b1. Ta pro\u00ef\u00f3nta diat\u00edthentai amont\u00e1rista se pak\u00e9ta. The products are available in bulk in packages.<\/p>\n","protected":false},"excerpt":{"rendered":"<p>Professional office corner (right) set of 3 pieces in wenge shade.<br \/>\nThe desk is the most basic piece of furniture, choose it correctly so that it serves you more as you will spend several hours on it every day,<br \/>\nso if you like your desk, working half a day behind it will be a little easier.<br \/>\nThe set is one of our many complete proposals in the professional office, all that remains is to make it yours!<\/p>\n","protected":false},"featured_media":4646,"template":"","meta":[],"product_cat":[285,307],"product_tag":[],"class_list":["post-4648","product","type-product","status-publish","has-post-thumbnail","hentry","product_cat-furniture-en","product_cat-office-furniture-en","col-xs-6 col-sm-4","col-md-3 col-lg-3","un-4-cols"],"_links":{"self":[{"href":"https:\/\/papathomas-siatista.gr\/en\/wp-json\/wp\/v2\/product\/4648","targetHints":{"allow":["GET"]}}],"collection":[{"href":"https:\/\/papathomas-siatista.gr\/en\/wp-json\/wp\/v2\/product"}],"about":[{"href":"https:\/\/papathomas-siatista.gr\/en\/wp-json\/wp\/v2\/types\/product"}],"wp:featuredmedia":[{"embeddable":true,"href":"https:\/\/papathomas-siatista.gr\/en\/wp-json\/wp\/v2\/media\/4646"}],"wp:attachment":[{"href":"https:\/\/papathomas-siatista.gr\/en\/wp-json\/wp\/v2\/media?parent=4648"}],"wp:term":[{"taxonomy":"product_cat","embeddable":true,"href":"https:\/\/papathomas-siatista.gr\/en\/wp-json\/wp\/v2\/product_cat?post=4648"},{"taxonomy":"product_tag","embeddable":true,"href":"https:\/\/papathomas-siatista.gr\/en\/wp-json\/wp\/v2\/product_tag?post=4648"}],"curies":[{"name":"wp","href":"https:\/\/api.w.org\/{rel}","templated":true}]}}